{"id":43029,"date":"2025-05-21T15:53:23","date_gmt":"2025-05-21T13:53:23","guid":{"rendered":"https:\/\/crta.rs\/?page_id=43029"},"modified":"2025-05-29T15:28:56","modified_gmt":"2025-05-29T13:28:56","slug":"donate-local-elections-2025","status":"publish","type":"page","link":"https:\/\/crta.rs\/en\/donate-local-elections-2025\/","title":{"rendered":"CRTA donations &#8211; local elections 2025"},"content":{"rendered":"\n<h4>\n\t\tCRTA ELECTION OBSERVATION MISSION 2025\n\t<\/h4>\n<h1>\n\t\tCitizens protect the vote in Kosjeri\u0107 and Zaje\u010dar!\n\t<\/h1>\n\t<p>THANK YOU<\/p>\n<p>No one has better donors and stronger allies than us.<\/p>\n<p>One week was enough for us, thanks to you, to collect the amount (2.1 million dinars)<\/p>\n<p>which we lack to cover the costs of observing the local elections in Zaje\u010dar and Kosjeri\u0107.<\/p>\n\n\t<p>The country is in such a deep crisis and at such a critical turning point that the local elections <strong>in Zaje\u010dar and Kosjeri\u0107 on June 8 won&#8217;t be &#8220;just local&#8221; elections<\/strong>. For the first time since &#8220;all of this began,&#8221; people will be heading to the polls. Since the Novi Sad canopy&#8217;s collapse shook Serbia out of its apathy, citizens have been filling the streets for over six months.<\/p>\n<p>Experience has taught us: the higher the stakes and the more uncertain the outcome, the more serious electoral manipulation and abuse can be expected. <strong>Just think back to December 17, 2023, in Belgrade &#8211; and you&#8217;ll know why, on June 8, 2025, we must be present at every polling station in Zaje\u010dar and Kosjeri\u0107, with the help of additional mobile teams.<\/strong><\/p>\n<p><a href=\"https:\/\/crta.rs\/en\/gradani-na-strazi\/\" target=\"_blank\" rel=\"noopener\"><strong>The CRTA observation mission<\/strong> <\/a>is a community united by shared values. Like you, we believe in elections where every citizen can vote freely &#8211; <strong>without pressure or intimidation<\/strong>.<\/p>\n<p>We&#8217;ve observed many elections in less difficult circumstances, with more avilable resources. <strong>We asked you to help us and you did.<\/strong><\/p>\n\t<p>It&#8217;s not enough to say thank you.<\/p>\n<p>We all have to put a lot more effort into the fight for democracy in Serbia.<\/p>\n\n<p>We don&#8217;t give up.<\/p>\n\n\t<p><strong>People from all over Serbia are joining us to observe the elections in Kosjeri\u0107 and Zaje\u010dar. <\/strong><\/p>\n<p>Two missions will monitor events<strong> from morning until night<\/strong> at each of the 29 polling stations in Kosjeri\u0107 and 69 in Zaje\u010dar &#8211; <strong>with two observers inside and two outside each polling station<\/strong>. Specialized mobile teams will also be on the ground. All observers will be in constant contact with our <strong>legal team<\/strong>.<\/p>\n<p>Organizing election observation in accordance with international standards is a major operation that requires <strong>many participants with a wide range of specific skills<\/strong> &#8211; electoral and legal experts, statisticians, observers, call center operators&#8230;<\/p>\n\t<p><b>The total cost of these two missions is around 5 million dinars.<\/b><\/p>\n\t\t\t\t<img loading=\"lazy\" decoding=\"async\" src=\"https:\/\/crta.rs\/wp-content\/uploads\/2025\/05\/progres-bar-100-out-of-100.png\" alt=\"progres-bar-100-out-of-100\" itemprop=\"image\" height=\"128\" width=\"878\" title=\"progres-bar-100-out-of-100\" onerror=\"this.style.display='none'\"  \/>\n\t<p>With your help those funds will go toward:<\/p>\n<ul>\n<li aria-level=\"1\">Travel expenses for observers coming from different parts of Serbia,<br \/>\n<\/li>\n<li aria-level=\"1\">Lunch packages for observers,<br \/>\n<\/li>\n<li aria-level=\"1\">Accommodation for observers traveling from across the country,<br \/>\n<\/li>\n<li aria-level=\"1\">Printing of materials,<br \/>\n<\/li>\n<li aria-level=\"1\">Communication costs (mobile phones, call center&#8230;).<\/li>\n<\/ul>\n\tIf you want to support our other activities, thank you. You can donate <a href=\"https:\/\/donacije.crta.rs\/en\/\" target=\"_blank\" rel=\"noopener\">here<\/a>.\n<h4>\n\t\tThank you\n\t<\/h4>\n\t\t\t\t<img loading=\"lazy\" decoding=\"async\" src=\"https:\/\/crta.rs\/wp-content\/uploads\/2023\/10\/heart-150x150.png\" alt=\"heart\" itemprop=\"image\" height=\"150\" width=\"150\" title=\"heart\" onerror=\"this.style.display='none'\"  \/>\n\t\t\t\t<img loading=\"lazy\" decoding=\"async\" src=\"https:\/\/crta.rs\/wp-content\/uploads\/2023\/10\/hands-cube-500x396.png\" alt=\"hands-cube\" itemprop=\"image\" height=\"396\" width=\"500\" title=\"hands-cube\" onerror=\"this.style.display='none'\"  \/>\n\n","protected":false},"excerpt":{"rendered":"<p>CRTA ELECTION OBSERVATION MISSION 2025 Citizens protect the vote in Kosjeri\u0107 and Zaje\u010dar! THANK YOU No one has better donors and stronger allies than us. One week was enough for us, thanks to you, to collect the amount (2.1 million dinars) which we lack to cover the costs of observing the local elections in Zaje\u010dar&#8230;<\/p>\n","protected":false},"author":709,"featured_media":0,"parent":0,"menu_order":0,"comment_status":"closed","ping_status":"closed","template":"","meta":{"_acf_changed":false,"footnotes":"","_links_to":"","_links_to_target":""},"class_list":["post-43029","page","type-page","status-publish","hentry","ciTrackContent"],"acf":[],"yoast_head":"<!-- This site is optimized with the Yoast SEO plugin v27.5 - https:\/\/yoast.com\/product\/yoast-seo-wordpress\/ -->\n<title>CRTA donations - local elections 2025 - CRTA<\/title>\n<meta name=\"description\" content=\"Citizens protect the vote - support civic observers of local elections in Kosjeri\u0107 and Zaje\u010dar by donating to CRTA at our website.\" \/>\n<meta name=\"robots\" content=\"index, follow, max-snippet:-1, max-image-preview:large, max-video-preview:-1\" \/>\n<link rel=\"canonical\" href=\"https:\/\/crta.rs\/en\/donate-local-elections-2025\/\" \/>\n<meta property=\"og:locale\" content=\"en_US\" \/>\n<meta property=\"og:type\" content=\"article\" \/>\n<meta property=\"og:title\" content=\"CRTA donations - local elections 2025 - CRTA\" \/>\n<meta property=\"og:description\" content=\"Citizens protect the vote - support civic observers of local elections in Kosjeri\u0107 and Zaje\u010dar by donating to CRTA at our website.\" \/>\n<meta property=\"og:url\" content=\"https:\/\/crta.rs\/en\/donate-local-elections-2025\/\" \/>\n<meta property=\"og:site_name\" content=\"CRTA\" \/>\n<meta property=\"article:publisher\" content=\"https:\/\/www.facebook.com\/CRTArs\/\" \/>\n<meta property=\"article:modified_time\" content=\"2025-05-29T13:28:56+00:00\" \/>\n<meta property=\"og:image\" content=\"https:\/\/crta.rs\/wp-content\/uploads\/2025\/05\/progres-bar-100-out-of-100.png\" \/>\n<meta name=\"twitter:card\" content=\"summary_large_image\" \/>\n<meta name=\"twitter:label1\" content=\"Est. reading time\" \/>\n\t<meta name=\"twitter:data1\" content=\"3 minutes\" \/>\n<script type=\"application\/ld+json\" class=\"yoast-schema-graph\">{\"@context\":\"https:\\\/\\\/schema.org\",\"@graph\":[{\"@type\":\"WebPage\",\"@id\":\"https:\\\/\\\/crta.rs\\\/en\\\/donate-local-elections-2025\\\/\",\"url\":\"https:\\\/\\\/crta.rs\\\/en\\\/donate-local-elections-2025\\\/\",\"name\":\"CRTA donations - local elections 2025 - CRTA\",\"isPartOf\":{\"@id\":\"https:\\\/\\\/crta.rs\\\/en\\\/#website\"},\"primaryImageOfPage\":{\"@id\":\"https:\\\/\\\/crta.rs\\\/en\\\/donate-local-elections-2025\\\/#primaryimage\"},\"image\":{\"@id\":\"https:\\\/\\\/crta.rs\\\/en\\\/donate-local-elections-2025\\\/#primaryimage\"},\"thumbnailUrl\":\"https:\\\/\\\/crta.rs\\\/wp-content\\\/uploads\\\/2025\\\/05\\\/progres-bar-100-out-of-100.png\",\"datePublished\":\"2025-05-21T13:53:23+00:00\",\"dateModified\":\"2025-05-29T13:28:56+00:00\",\"description\":\"Citizens protect the vote - support civic observers of local elections in Kosjeri\u0107 and Zaje\u010dar by donating to CRTA at our website.\",\"breadcrumb\":{\"@id\":\"https:\\\/\\\/crta.rs\\\/en\\\/donate-local-elections-2025\\\/#breadcrumb\"},\"inLanguage\":\"en-US\",\"potentialAction\":[{\"@type\":\"ReadAction\",\"target\":[\"https:\\\/\\\/crta.rs\\\/en\\\/donate-local-elections-2025\\\/\"]}]},{\"@type\":\"ImageObject\",\"inLanguage\":\"en-US\",\"@id\":\"https:\\\/\\\/crta.rs\\\/en\\\/donate-local-elections-2025\\\/#primaryimage\",\"url\":\"https:\\\/\\\/crta.rs\\\/wp-content\\\/uploads\\\/2025\\\/05\\\/progres-bar-100-out-of-100.png\",\"contentUrl\":\"https:\\\/\\\/crta.rs\\\/wp-content\\\/uploads\\\/2025\\\/05\\\/progres-bar-100-out-of-100.png\"},{\"@type\":\"BreadcrumbList\",\"@id\":\"https:\\\/\\\/crta.rs\\\/en\\\/donate-local-elections-2025\\\/#breadcrumb\",\"itemListElement\":[{\"@type\":\"ListItem\",\"position\":1,\"name\":\"Home\",\"item\":\"https:\\\/\\\/crta.rs\\\/en\\\/\"},{\"@type\":\"ListItem\",\"position\":2,\"name\":\"CRTA donations &#8211; local elections 2025\"}]},{\"@type\":\"WebSite\",\"@id\":\"https:\\\/\\\/crta.rs\\\/en\\\/#website\",\"url\":\"https:\\\/\\\/crta.rs\\\/en\\\/\",\"name\":\"CRTA\",\"description\":\"Mi smo grupa aktivista i novinara koja zajedno sa gra\u0111anima uti\u010de na pove\u0107anje odgovornosti institucija i javnih funkcionera kroz pra\u0107enje i kontrolu njihovog rada.\",\"potentialAction\":[{\"@type\":\"SearchAction\",\"target\":{\"@type\":\"EntryPoint\",\"urlTemplate\":\"https:\\\/\\\/crta.rs\\\/en\\\/?s={search_term_string}\"},\"query-input\":{\"@type\":\"PropertyValueSpecification\",\"valueRequired\":true,\"valueName\":\"search_term_string\"}}],\"inLanguage\":\"en-US\"}]}<\/script>\n<!-- \/ Yoast SEO plugin. -->","yoast_head_json":{"title":"CRTA donations - local elections 2025 - CRTA","description":"Citizens protect the vote - support civic observers of local elections in Kosjeri\u0107 and Zaje\u010dar by donating to CRTA at our website.","robots":{"index":"index","follow":"follow","max-snippet":"max-snippet:-1","max-image-preview":"max-image-preview:large","max-video-preview":"max-video-preview:-1"},"canonical":"https:\/\/crta.rs\/en\/donate-local-elections-2025\/","og_locale":"en_US","og_type":"article","og_title":"CRTA donations - local elections 2025 - CRTA","og_description":"Citizens protect the vote - support civic observers of local elections in Kosjeri\u0107 and Zaje\u010dar by donating to CRTA at our website.","og_url":"https:\/\/crta.rs\/en\/donate-local-elections-2025\/","og_site_name":"CRTA","article_publisher":"https:\/\/www.facebook.com\/CRTArs\/","article_modified_time":"2025-05-29T13:28:56+00:00","og_image":[{"url":"https:\/\/crta.rs\/wp-content\/uploads\/2025\/05\/progres-bar-100-out-of-100.png","type":"","width":"","height":""}],"twitter_card":"summary_large_image","twitter_misc":{"Est. reading time":"3 minutes"},"schema":{"@context":"https:\/\/schema.org","@graph":[{"@type":"WebPage","@id":"https:\/\/crta.rs\/en\/donate-local-elections-2025\/","url":"https:\/\/crta.rs\/en\/donate-local-elections-2025\/","name":"CRTA donations - local elections 2025 - CRTA","isPartOf":{"@id":"https:\/\/crta.rs\/en\/#website"},"primaryImageOfPage":{"@id":"https:\/\/crta.rs\/en\/donate-local-elections-2025\/#primaryimage"},"image":{"@id":"https:\/\/crta.rs\/en\/donate-local-elections-2025\/#primaryimage"},"thumbnailUrl":"https:\/\/crta.rs\/wp-content\/uploads\/2025\/05\/progres-bar-100-out-of-100.png","datePublished":"2025-05-21T13:53:23+00:00","dateModified":"2025-05-29T13:28:56+00:00","description":"Citizens protect the vote - support civic observers of local elections in Kosjeri\u0107 and Zaje\u010dar by donating to CRTA at our website.","breadcrumb":{"@id":"https:\/\/crta.rs\/en\/donate-local-elections-2025\/#breadcrumb"},"inLanguage":"en-US","potentialAction":[{"@type":"ReadAction","target":["https:\/\/crta.rs\/en\/donate-local-elections-2025\/"]}]},{"@type":"ImageObject","inLanguage":"en-US","@id":"https:\/\/crta.rs\/en\/donate-local-elections-2025\/#primaryimage","url":"https:\/\/crta.rs\/wp-content\/uploads\/2025\/05\/progres-bar-100-out-of-100.png","contentUrl":"https:\/\/crta.rs\/wp-content\/uploads\/2025\/05\/progres-bar-100-out-of-100.png"},{"@type":"BreadcrumbList","@id":"https:\/\/crta.rs\/en\/donate-local-elections-2025\/#breadcrumb","itemListElement":[{"@type":"ListItem","position":1,"name":"Home","item":"https:\/\/crta.rs\/en\/"},{"@type":"ListItem","position":2,"name":"CRTA donations &#8211; local elections 2025"}]},{"@type":"WebSite","@id":"https:\/\/crta.rs\/en\/#website","url":"https:\/\/crta.rs\/en\/","name":"CRTA","description":"Mi smo grupa aktivista i novinara koja zajedno sa gra\u0111anima uti\u010de na pove\u0107anje odgovornosti institucija i javnih funkcionera kroz pra\u0107enje i kontrolu njihovog rada.","potentialAction":[{"@type":"SearchAction","target":{"@type":"EntryPoint","urlTemplate":"https:\/\/crta.rs\/en\/?s={search_term_string}"},"query-input":{"@type":"PropertyValueSpecification","valueRequired":true,"valueName":"search_term_string"}}],"inLanguage":"en-US"}]}},"_links":{"self":[{"href":"https:\/\/crta.rs\/en\/wp-json\/wp\/v2\/pages\/43029","targetHints":{"allow":["GET"]}}],"collection":[{"href":"https:\/\/crta.rs\/en\/wp-json\/wp\/v2\/pages"}],"about":[{"href":"https:\/\/crta.rs\/en\/wp-json\/wp\/v2\/types\/page"}],"author":[{"embeddable":true,"href":"https:\/\/crta.rs\/en\/wp-json\/wp\/v2\/users\/709"}],"replies":[{"embeddable":true,"href":"https:\/\/crta.rs\/en\/wp-json\/wp\/v2\/comments?post=43029"}],"version-history":[{"count":17,"href":"https:\/\/crta.rs\/en\/wp-json\/wp\/v2\/pages\/43029\/revisions"}],"predecessor-version":[{"id":43151,"href":"https:\/\/crta.rs\/en\/wp-json\/wp\/v2\/pages\/43029\/revisions\/43151"}],"wp:attachment":[{"href":"https:\/\/crta.rs\/en\/wp-json\/wp\/v2\/media?parent=43029"}],"curies":[{"name":"wp","href":"https:\/\/api.w.org\/{rel}","templated":true}]}}