{"id":21530,"date":"2020-02-06T12:49:59","date_gmt":"2020-02-06T11:49:59","guid":{"rendered":"https:\/\/crta.rs\/?page_id=21530"},"modified":"2025-10-22T13:55:56","modified_gmt":"2025-10-22T11:55:56","slug":"legal-framework","status":"publish","type":"page","link":"https:\/\/crta.rs\/en\/elections\/legal-framework\/","title":{"rendered":"Legal Framework"},"content":{"rendered":"\r\n<h1>\r\n\t\tLegal Framework\r\n\t<\/h1>\r\n<h2>\r\n\t\tDomestic Legislation\r\n\t<\/h2>\r\n\t<p><a href=\"https:\/\/www.paragraf.rs\/propisi\/ustav_republike_srbije.html\">Constitution of The Republic of Serbia<\/a><\/p>\r\n<p><a href=\"https:\/\/www.paragraf.rs\/propisi\/zakon_o_izboru_narodnih_poslanika.html\">Law on the Election of Members of the Parliament<\/a><\/p>\r\n<p><a href=\"https:\/\/www.paragraf.rs\/propisi\/zakon_o_izboru_predsednika_republike.html\">Law on the Election of the President of the Republic<\/a><\/p>\r\n<p><a href=\"https:\/\/www.paragraf.rs\/propisi\/zakon_o_lokalnim_izborima.html\">Law on Local Elections<\/a><\/p>\r\n<p><a href=\"https:\/\/www.paragraf.rs\/propisi\/zakon_o_politickim_strankama.html\">Law on Political Parties<\/a><\/p>\r\n<p><a href=\"https:\/\/www.paragraf.rs\/propisi\/zakon_o_jedinstvenom_birackom_spisku.html\">Law on the unified electoral roll<\/a><\/p>\r\n\t<p><a href=\"https:\/\/www.paragraf.rs\/propisi\/zakon_o_finansiranju_politickih_aktivnosti.html\">Law on Financing Political Activities<\/a><\/p>\r\n<p><a href=\"https:\/\/www.paragraf.rs\/propisi\/zakon-o-sprecavanju-korupcije.html\">Law on prevention of corruption<\/a><\/p>\r\n<p><a href=\"https:\/\/www.paragraf.rs\/propisi\/zakon_o_elektronskim_medijima.html\">Law on Electronic Media<\/a><\/p>\r\n<p><a href=\"http:\/\/www.rem.rs\/uploads\/files\/Podzakonska%20regulativa\/Pravilnik%20o%20nacinu%20izvrsavanja%20obaveza%20javnih%20medijskih%20servisa%20tokom%20izborne%20kampanje.pdf\">Rulebook on obligations of media service providers during election campaigns<\/a><\/p>\r\n<p><a href=\"https:\/\/www.paragraf.rs\/propisi\/zakon_o_oglasavanju.html\">Law on advertising<\/a><\/p>\r\n\t<p><a href=\"https:\/\/www.paragraf.rs\/propisi\/krivicni-zakonik-2019.html\">Criminal Law<\/a><\/p>\r\n<p><a href=\"https:\/\/www.paragraf.rs\/propisi\/zakon_o_narodnoj_skupstini.html\">Law on the National Assembly<\/a><\/p>\r\n<p><a href=\"http:\/\/www.parlament.gov.rs\/narodna-skupstina-\/vazna-dokumenta\/poslovnik-(precisceni-tekst)\/ceo-poslovnik-(precisceni-tekst).1423.html\">Rules of Procedure of the National Assembly<\/a><\/p>\r\n<p><a href=\"https:\/\/www.paragraf.rs\/propisi\/zakon_o_vladi.html\">Law on the Government<\/a><\/p>\r\n<p><a href=\"https:\/\/www.paragraf.rs\/propisi\/zakon_o_predsedniku_republike.html\">Law on the President of the Republic<\/a><\/p>\r\n\t<p><a href=\"http:\/\/www.pravno-informacioni-sistem.rs\/SlGlasnikPortal\/eli\/rep\/sgrs\/ministarstva\/uputstvo\/2012\/15\/1\/reg\">Instructions for the implementation of the Law on the unified electoral roll<\/a><\/p>\r\n<p><a href=\"https:\/\/www.paragraf.rs\/propisi\/zakon_o_lokalnoj_samoupravi.html\">Law on Local Self-Government<\/a><\/p>\r\n<p><a href=\"https:\/\/www.paragraf.rs\/propisi\/zakon_o_javnim_preduzecima.html\">Law on Public Enterprises<\/a><\/p>\r\n<p><a href=\"https:\/\/www.paragraf.rs\/propisi\/zakon_o_osnovama_sistema_obrazovanja_i_vaspitanja.html\">Law on the fundamentals of education system<\/a><\/p>\r\n<p><a href=\"https:\/\/www.paragraf.rs\/propisi\/zakon_o_javnoj_svojini.html\">Law on Public Property<\/a><\/p>\r\n\t<p><strong><em>*only Serbian versions\u00a0 are available<\/em><\/strong><\/p>\r\n<h2>\r\n\t\tInternational Standards\r\n\t<\/h2>\r\n\t\t\t<a href=\"https:\/\/crta.rs\/wp-content\/uploads\/2018\/11\/Declaration-of-Principles-for-International-Election-Observation.pdf\" target=\"_self\" rel=\"noopener\">\r\n\t\t\t\t<img decoding=\"async\" src=\"https:\/\/crta.rs\/wp-content\/uploads\/2019\/12\/pdf-icon.png\" alt=\"pdf-icon\" \/>\r\n\t\t\t\t\t<h4>Declaration of Principles for International Election Observation<\/h4>\r\n\t\t<\/a>\r\n\t\t\t<a href=\"https:\/\/crta.rs\/wp-content\/uploads\/2018\/11\/Document-of-the-Copenhagen-meeting-of-the-conference-on-the-human-dimension-of-the-CSCE.pdf\" target=\"_self\" rel=\"noopener\">\r\n\t\t\t\t<img decoding=\"async\" src=\"https:\/\/crta.rs\/wp-content\/uploads\/2019\/12\/pdf-icon.png\" alt=\"pdf-icon\" \/>\r\n\t\t\t\t\t<h4>Document of the Copenhagen meeting of the conference on the human dimension of the CSCE<\/h4>\r\n\t\t<\/a>\r\n\t\t\t<a href=\"https:\/\/crta.rs\/wp-content\/uploads\/2018\/11\/OSCE-Commitments-for-Elections.pdf\" target=\"_self\" rel=\"noopener\">\r\n\t\t\t\t<img decoding=\"async\" src=\"https:\/\/crta.rs\/wp-content\/uploads\/2019\/12\/pdf-icon.png\" alt=\"pdf-icon\" \/>\r\n\t\t\t\t\t<h4>OSCE Commitments for Elections<\/h4>\r\n\t\t<\/a>\r\n\t\t\t<a href=\"https:\/\/crta.rs\/wp-content\/uploads\/2018\/11\/Venice-Commission-Code-of-Good-Electoral-Practice.pdf\" target=\"_self\" rel=\"noopener\">\r\n\t\t\t\t<img decoding=\"async\" src=\"https:\/\/crta.rs\/wp-content\/uploads\/2019\/12\/pdf-icon.png\" alt=\"pdf-icon\" \/>\r\n\t\t\t\t\t<h4>Venice Commission Code of Good Electoral Practice<\/h4>\r\n\t\t<\/a>\r\n\t\t\t<a href=\"https:\/\/crta.rs\/wp-content\/uploads\/2022\/02\/DECLARATION-ON-CRITERIA-FOR-FREE-AND-FAIR-ELECTIONS.pdf\" target=\"_blank\" rel=\"noopener\">\r\n\t\t\t\t<img decoding=\"async\" src=\"https:\/\/crta.rs\/wp-content\/uploads\/2019\/12\/pdf-icon.png\" alt=\"pdf-icon\" \/>\r\n\t\t\t\t\t<h4>Declaration on criteria for free and fair election<\/h4>\r\n\t\t<\/a>\r\n\r\n","protected":false},"excerpt":{"rendered":"<p>Legal Framework Domestic Legislation Constitution of The Republic of Serbia Law on the Election of Members of the Parliament Law on the Election of the President of the Republic Law on Local Elections Law on Political Parties Law on the unified electoral roll Law on Financing Political Activities Law on prevention of corruption Law on&#8230;<\/p>\n","protected":false},"author":1,"featured_media":0,"parent":43961,"menu_order":0,"comment_status":"closed","ping_status":"closed","template":"","meta":{"_acf_changed":false,"footnotes":"","_links_to":"","_links_to_target":""},"class_list":["post-21530","page","type-page","status-publish","hentry","ciTrackContent"],"acf":[],"yoast_head":"<!-- This site is optimized with the Yoast SEO plugin v27.5 - https:\/\/yoast.com\/product\/yoast-seo-wordpress\/ -->\n<title>Legal Framework - CRTA<\/title>\n<meta name=\"robots\" content=\"index, follow, max-snippet:-1, max-image-preview:large, max-video-preview:-1\" \/>\n<link rel=\"canonical\" href=\"https:\/\/crta.rs\/en\/elections\/legal-framework\/\" \/>\n<meta property=\"og:locale\" content=\"en_US\" \/>\n<meta property=\"og:type\" content=\"article\" \/>\n<meta property=\"og:title\" content=\"Legal Framework - CRTA\" \/>\n<meta property=\"og:description\" content=\"Legal Framework Domestic Legislation Constitution of The Republic of Serbia Law on the Election of Members of the Parliament Law on the Election of the President of the Republic Law on Local Elections Law on Political Parties Law on the unified electoral roll Law on Financing Political Activities Law on prevention of corruption Law on...\" \/>\n<meta property=\"og:url\" content=\"https:\/\/crta.rs\/en\/elections\/legal-framework\/\" \/>\n<meta property=\"og:site_name\" content=\"CRTA\" \/>\n<meta property=\"article:publisher\" content=\"https:\/\/www.facebook.com\/CRTArs\/\" \/>\n<meta property=\"article:modified_time\" content=\"2025-10-22T11:55:56+00:00\" \/>\n<meta property=\"og:image\" content=\"https:\/\/crta.rs\/wp-content\/uploads\/2019\/12\/pdf-icon.png\" \/>\n<meta name=\"twitter:card\" content=\"summary_large_image\" \/>\n<meta name=\"twitter:label1\" content=\"Est. reading time\" \/>\n\t<meta name=\"twitter:data1\" content=\"2 minutes\" \/>\n<script type=\"application\/ld+json\" class=\"yoast-schema-graph\">{\"@context\":\"https:\\\/\\\/schema.org\",\"@graph\":[{\"@type\":\"WebPage\",\"@id\":\"https:\\\/\\\/crta.rs\\\/en\\\/elections\\\/legal-framework\\\/\",\"url\":\"https:\\\/\\\/crta.rs\\\/en\\\/elections\\\/legal-framework\\\/\",\"name\":\"Legal Framework - CRTA\",\"isPartOf\":{\"@id\":\"https:\\\/\\\/crta.rs\\\/en\\\/#website\"},\"primaryImageOfPage\":{\"@id\":\"https:\\\/\\\/crta.rs\\\/en\\\/elections\\\/legal-framework\\\/#primaryimage\"},\"image\":{\"@id\":\"https:\\\/\\\/crta.rs\\\/en\\\/elections\\\/legal-framework\\\/#primaryimage\"},\"thumbnailUrl\":\"https:\\\/\\\/crta.rs\\\/wp-content\\\/uploads\\\/2019\\\/12\\\/pdf-icon.png\",\"datePublished\":\"2020-02-06T11:49:59+00:00\",\"dateModified\":\"2025-10-22T11:55:56+00:00\",\"breadcrumb\":{\"@id\":\"https:\\\/\\\/crta.rs\\\/en\\\/elections\\\/legal-framework\\\/#breadcrumb\"},\"inLanguage\":\"en-US\",\"potentialAction\":[{\"@type\":\"ReadAction\",\"target\":[\"https:\\\/\\\/crta.rs\\\/en\\\/elections\\\/legal-framework\\\/\"]}]},{\"@type\":\"ImageObject\",\"inLanguage\":\"en-US\",\"@id\":\"https:\\\/\\\/crta.rs\\\/en\\\/elections\\\/legal-framework\\\/#primaryimage\",\"url\":\"https:\\\/\\\/crta.rs\\\/wp-content\\\/uploads\\\/2019\\\/12\\\/pdf-icon.png\",\"contentUrl\":\"https:\\\/\\\/crta.rs\\\/wp-content\\\/uploads\\\/2019\\\/12\\\/pdf-icon.png\"},{\"@type\":\"BreadcrumbList\",\"@id\":\"https:\\\/\\\/crta.rs\\\/en\\\/elections\\\/legal-framework\\\/#breadcrumb\",\"itemListElement\":[{\"@type\":\"ListItem\",\"position\":1,\"name\":\"Home\",\"item\":\"https:\\\/\\\/crta.rs\\\/en\\\/\"},{\"@type\":\"ListItem\",\"position\":2,\"name\":\"Elections\",\"item\":\"https:\\\/\\\/crta.rs\\\/en\\\/elections\\\/\"},{\"@type\":\"ListItem\",\"position\":3,\"name\":\"Legal Framework\"}]},{\"@type\":\"WebSite\",\"@id\":\"https:\\\/\\\/crta.rs\\\/en\\\/#website\",\"url\":\"https:\\\/\\\/crta.rs\\\/en\\\/\",\"name\":\"CRTA\",\"description\":\"Mi smo grupa aktivista i novinara koja zajedno sa gra\u0111anima uti\u010de na pove\u0107anje odgovornosti institucija i javnih funkcionera kroz pra\u0107enje i kontrolu njihovog rada.\",\"potentialAction\":[{\"@type\":\"SearchAction\",\"target\":{\"@type\":\"EntryPoint\",\"urlTemplate\":\"https:\\\/\\\/crta.rs\\\/en\\\/?s={search_term_string}\"},\"query-input\":{\"@type\":\"PropertyValueSpecification\",\"valueRequired\":true,\"valueName\":\"search_term_string\"}}],\"inLanguage\":\"en-US\"}]}<\/script>\n<!-- \/ Yoast SEO plugin. -->","yoast_head_json":{"title":"Legal Framework - CRTA","robots":{"index":"index","follow":"follow","max-snippet":"max-snippet:-1","max-image-preview":"max-image-preview:large","max-video-preview":"max-video-preview:-1"},"canonical":"https:\/\/crta.rs\/en\/elections\/legal-framework\/","og_locale":"en_US","og_type":"article","og_title":"Legal Framework - CRTA","og_description":"Legal Framework Domestic Legislation Constitution of The Republic of Serbia Law on the Election of Members of the Parliament Law on the Election of the President of the Republic Law on Local Elections Law on Political Parties Law on the unified electoral roll Law on Financing Political Activities Law on prevention of corruption Law on...","og_url":"https:\/\/crta.rs\/en\/elections\/legal-framework\/","og_site_name":"CRTA","article_publisher":"https:\/\/www.facebook.com\/CRTArs\/","article_modified_time":"2025-10-22T11:55:56+00:00","og_image":[{"url":"https:\/\/crta.rs\/wp-content\/uploads\/2019\/12\/pdf-icon.png","type":"","width":"","height":""}],"twitter_card":"summary_large_image","twitter_misc":{"Est. reading time":"2 minutes"},"schema":{"@context":"https:\/\/schema.org","@graph":[{"@type":"WebPage","@id":"https:\/\/crta.rs\/en\/elections\/legal-framework\/","url":"https:\/\/crta.rs\/en\/elections\/legal-framework\/","name":"Legal Framework - CRTA","isPartOf":{"@id":"https:\/\/crta.rs\/en\/#website"},"primaryImageOfPage":{"@id":"https:\/\/crta.rs\/en\/elections\/legal-framework\/#primaryimage"},"image":{"@id":"https:\/\/crta.rs\/en\/elections\/legal-framework\/#primaryimage"},"thumbnailUrl":"https:\/\/crta.rs\/wp-content\/uploads\/2019\/12\/pdf-icon.png","datePublished":"2020-02-06T11:49:59+00:00","dateModified":"2025-10-22T11:55:56+00:00","breadcrumb":{"@id":"https:\/\/crta.rs\/en\/elections\/legal-framework\/#breadcrumb"},"inLanguage":"en-US","potentialAction":[{"@type":"ReadAction","target":["https:\/\/crta.rs\/en\/elections\/legal-framework\/"]}]},{"@type":"ImageObject","inLanguage":"en-US","@id":"https:\/\/crta.rs\/en\/elections\/legal-framework\/#primaryimage","url":"https:\/\/crta.rs\/wp-content\/uploads\/2019\/12\/pdf-icon.png","contentUrl":"https:\/\/crta.rs\/wp-content\/uploads\/2019\/12\/pdf-icon.png"},{"@type":"BreadcrumbList","@id":"https:\/\/crta.rs\/en\/elections\/legal-framework\/#breadcrumb","itemListElement":[{"@type":"ListItem","position":1,"name":"Home","item":"https:\/\/crta.rs\/en\/"},{"@type":"ListItem","position":2,"name":"Elections","item":"https:\/\/crta.rs\/en\/elections\/"},{"@type":"ListItem","position":3,"name":"Legal Framework"}]},{"@type":"WebSite","@id":"https:\/\/crta.rs\/en\/#website","url":"https:\/\/crta.rs\/en\/","name":"CRTA","description":"Mi smo grupa aktivista i novinara koja zajedno sa gra\u0111anima uti\u010de na pove\u0107anje odgovornosti institucija i javnih funkcionera kroz pra\u0107enje i kontrolu njihovog rada.","potentialAction":[{"@type":"SearchAction","target":{"@type":"EntryPoint","urlTemplate":"https:\/\/crta.rs\/en\/?s={search_term_string}"},"query-input":{"@type":"PropertyValueSpecification","valueRequired":true,"valueName":"search_term_string"}}],"inLanguage":"en-US"}]}},"_links":{"self":[{"href":"https:\/\/crta.rs\/en\/wp-json\/wp\/v2\/pages\/21530","targetHints":{"allow":["GET"]}}],"collection":[{"href":"https:\/\/crta.rs\/en\/wp-json\/wp\/v2\/pages"}],"about":[{"href":"https:\/\/crta.rs\/en\/wp-json\/wp\/v2\/types\/page"}],"author":[{"embeddable":true,"href":"https:\/\/crta.rs\/en\/wp-json\/wp\/v2\/users\/1"}],"replies":[{"embeddable":true,"href":"https:\/\/crta.rs\/en\/wp-json\/wp\/v2\/comments?post=21530"}],"version-history":[{"count":15,"href":"https:\/\/crta.rs\/en\/wp-json\/wp\/v2\/pages\/21530\/revisions"}],"predecessor-version":[{"id":35500,"href":"https:\/\/crta.rs\/en\/wp-json\/wp\/v2\/pages\/21530\/revisions\/35500"}],"up":[{"embeddable":true,"href":"https:\/\/crta.rs\/en\/wp-json\/wp\/v2\/pages\/43961"}],"wp:attachment":[{"href":"https:\/\/crta.rs\/en\/wp-json\/wp\/v2\/media?parent=21530"}],"curies":[{"name":"wp","href":"https:\/\/api.w.org\/{rel}","templated":true}]}}