{"id":10048,"date":"2019-12-19T23:55:48","date_gmt":"2019-12-19T23:55:48","guid":{"rendered":"https:\/\/crta.rs\/?page_id=10048"},"modified":"2023-05-09T11:37:10","modified_gmt":"2023-05-09T09:37:10","slug":"support-us","status":"publish","type":"page","link":"https:\/\/crta.rs\/en\/support-us\/","title":{"rendered":"Support us!"},"content":{"rendered":"\n<h1>\n\t\tSupport us\n\t<\/h1>\n<h3>\n\t\tThere are several ways you can support our work and become part of our &#8220;extended family&#8221;. We are immensely grateful for any kind of support.\n\t<\/h3>\n\t\t\t\t<img loading=\"lazy\" decoding=\"async\" src=\"https:\/\/crta.rs\/wp-content\/uploads\/2022\/12\/doniraj-ilu.png\" alt=\"doniraj-ilu\" itemprop=\"image\" height=\"400\" width=\"600\" title=\"doniraj-ilu\" onerror=\"this.style.display='none'\"  \/>\n<h3>\n\t\tI want to donate\n\t<\/h3>\n\t<p><strong>Everything we do, we do to protect the rights and interests of citizens. We want a state and laws that treat us all equally and serve us &#8211; the citizens &#8211; and not selfish party interests. Even if symbolic, your support is an immensely important sign of trust and a significant contribution to our activities. Our work demands a big number of people and serious investments &#8211; our election observation mission, for example, includes a couple thousands of observers.<\/strong><\/p>\n<p><strong>We thank you for every donation to our work.<\/strong><\/p>\n\t\t\t<a href=\"https:\/\/donacije.crta.rs\/en\/\" target=\"_self\" role=\"button\" rel=\"noopener\">\n\t\t\t\t\t\t\tDONATE\n\t\t\t\t\t<\/a>\n\t\t\t\t<img loading=\"lazy\" decoding=\"async\" src=\"https:\/\/crta.rs\/wp-content\/uploads\/2020\/01\/zelim-da-staziram.png\" alt=\"zelim-da-staziram\" itemprop=\"image\" height=\"400\" width=\"600\" title=\"zelim-da-staziram\" onerror=\"this.style.display='none'\"  \/>\n<h3>\n\t\tI want to do an internship\n\t<\/h3>\n\t<p><strong>CRTA<\/strong> is an environment where young people can create a good foundation for career development in various fields. Interns are recognized as equal members of the team and are encouraged to come up with ideas on how they perceive the organisation&#8217;s future development. Even though we do not have open internship positions, we will consider every application and we will do our best to find a place for you at the earliest opportunity.<\/p>\n\t<p>Sign up to <a href=\"mailto: budideo@crta.rs\">budideo@crta.rs<\/a> by sending an e-mail with a note &#8211; internship application.<\/p>\n\t\t\t\t<img loading=\"lazy\" decoding=\"async\" src=\"https:\/\/crta.rs\/wp-content\/uploads\/2020\/01\/zelim-da-budem-deo-tima.png\" alt=\"zelim-da-budem-deo-tima\" itemprop=\"image\" height=\"400\" width=\"600\" title=\"zelim-da-budem-deo-tima\" onerror=\"this.style.display='none'\"  \/>\n<h3>\n\t\tI want to be a part of the permanent team\n\t<\/h3>\n\t<p>Our team gathers professionals of different profiles: lawyers, political scientists, journalists, communicologists&#8230; No matter what specific business we do, we all share the same values and desire so that Serbia can be a stable, functional democracy.<\/p>\n\t<p>If you are interested in becoming a part of our team, follow our announcements or send an e-mail to <a href=\"mailto: budideo@crta.rs\">budideo@crta.rs<\/a> with a note &#8211; interested in employment.<\/p>\n\t\t\t\t<img loading=\"lazy\" decoding=\"async\" src=\"https:\/\/crta.rs\/wp-content\/uploads\/2020\/01\/zelim-da-posmatram-izbore.png\" alt=\"zelim-da-posmatram-izbore\" itemprop=\"image\" height=\"400\" width=\"600\" title=\"zelim-da-posmatram-izbore\" onerror=\"this.style.display='none'\"  \/>\n<h3>\n\t\tI want to observe the elections\n\t<\/h3>\n\t<p><strong>CRTA<\/strong> organises election observation missions both nationally and locally and that is one of our most important and challenging activities which requires part-time engagement of a large number of trained observers. If you are interested in getting the necessary training and in being hired as an election observer, please sign up by sending an e-mail to <a href=\"mailto:budideo@crta.rs\">budideo@crta.rs<\/a> with a note &#8211; election observation application.<\/p>\n\n","protected":false},"excerpt":{"rendered":"<p>Support us There are several ways you can support our work and become part of our &#8220;extended family&#8221;. We are immensely grateful for any kind of support. I want to donate Everything we do, we do to protect the rights and interests of citizens. We want a state and laws that treat us all equally&#8230;<\/p>\n","protected":false},"author":1,"featured_media":0,"parent":0,"menu_order":0,"comment_status":"closed","ping_status":"closed","template":"","meta":{"_acf_changed":false,"footnotes":"","_links_to":"","_links_to_target":""},"class_list":["post-10048","page","type-page","status-publish","hentry","ciTrackContent"],"acf":[],"yoast_head":"<!-- This site is optimized with the Yoast SEO plugin v27.5 - https:\/\/yoast.com\/product\/yoast-seo-wordpress\/ -->\n<title>Support us! - CRTA<\/title>\n<meta name=\"robots\" content=\"index, follow, max-snippet:-1, max-image-preview:large, max-video-preview:-1\" \/>\n<link rel=\"canonical\" href=\"https:\/\/crta.rs\/en\/support-us\/\" \/>\n<meta property=\"og:locale\" content=\"en_US\" \/>\n<meta property=\"og:type\" content=\"article\" \/>\n<meta property=\"og:title\" content=\"Support us! - CRTA\" \/>\n<meta property=\"og:description\" content=\"Support us There are several ways you can support our work and become part of our &#8220;extended family&#8221;. We are immensely grateful for any kind of support. I want to donate Everything we do, we do to protect the rights and interests of citizens. We want a state and laws that treat us all equally...\" \/>\n<meta property=\"og:url\" content=\"https:\/\/crta.rs\/en\/support-us\/\" \/>\n<meta property=\"og:site_name\" content=\"CRTA\" \/>\n<meta property=\"article:publisher\" content=\"https:\/\/www.facebook.com\/CRTArs\/\" \/>\n<meta property=\"article:modified_time\" content=\"2023-05-09T09:37:10+00:00\" \/>\n<meta property=\"og:image\" content=\"https:\/\/crta.rs\/wp-content\/uploads\/2022\/12\/doniraj-ilu.png\" \/>\n<meta name=\"twitter:card\" content=\"summary_large_image\" \/>\n<meta name=\"twitter:label1\" content=\"Est. reading time\" \/>\n\t<meta name=\"twitter:data1\" content=\"2 minutes\" \/>\n<script type=\"application\/ld+json\" class=\"yoast-schema-graph\">{\"@context\":\"https:\\\/\\\/schema.org\",\"@graph\":[{\"@type\":\"WebPage\",\"@id\":\"https:\\\/\\\/crta.rs\\\/en\\\/support-us\\\/\",\"url\":\"https:\\\/\\\/crta.rs\\\/en\\\/support-us\\\/\",\"name\":\"Support us! - CRTA\",\"isPartOf\":{\"@id\":\"https:\\\/\\\/crta.rs\\\/en\\\/#website\"},\"primaryImageOfPage\":{\"@id\":\"https:\\\/\\\/crta.rs\\\/en\\\/support-us\\\/#primaryimage\"},\"image\":{\"@id\":\"https:\\\/\\\/crta.rs\\\/en\\\/support-us\\\/#primaryimage\"},\"thumbnailUrl\":\"https:\\\/\\\/crta.rs\\\/wp-content\\\/uploads\\\/2022\\\/12\\\/doniraj-ilu.png\",\"datePublished\":\"2019-12-19T23:55:48+00:00\",\"dateModified\":\"2023-05-09T09:37:10+00:00\",\"breadcrumb\":{\"@id\":\"https:\\\/\\\/crta.rs\\\/en\\\/support-us\\\/#breadcrumb\"},\"inLanguage\":\"en-US\",\"potentialAction\":[{\"@type\":\"ReadAction\",\"target\":[\"https:\\\/\\\/crta.rs\\\/en\\\/support-us\\\/\"]}]},{\"@type\":\"ImageObject\",\"inLanguage\":\"en-US\",\"@id\":\"https:\\\/\\\/crta.rs\\\/en\\\/support-us\\\/#primaryimage\",\"url\":\"https:\\\/\\\/crta.rs\\\/wp-content\\\/uploads\\\/2022\\\/12\\\/doniraj-ilu.png\",\"contentUrl\":\"https:\\\/\\\/crta.rs\\\/wp-content\\\/uploads\\\/2022\\\/12\\\/doniraj-ilu.png\"},{\"@type\":\"BreadcrumbList\",\"@id\":\"https:\\\/\\\/crta.rs\\\/en\\\/support-us\\\/#breadcrumb\",\"itemListElement\":[{\"@type\":\"ListItem\",\"position\":1,\"name\":\"Home\",\"item\":\"https:\\\/\\\/crta.rs\\\/en\\\/\"},{\"@type\":\"ListItem\",\"position\":2,\"name\":\"Support us!\"}]},{\"@type\":\"WebSite\",\"@id\":\"https:\\\/\\\/crta.rs\\\/en\\\/#website\",\"url\":\"https:\\\/\\\/crta.rs\\\/en\\\/\",\"name\":\"CRTA\",\"description\":\"Mi smo grupa aktivista i novinara koja zajedno sa gra\u0111anima uti\u010de na pove\u0107anje odgovornosti institucija i javnih funkcionera kroz pra\u0107enje i kontrolu njihovog rada.\",\"potentialAction\":[{\"@type\":\"SearchAction\",\"target\":{\"@type\":\"EntryPoint\",\"urlTemplate\":\"https:\\\/\\\/crta.rs\\\/en\\\/?s={search_term_string}\"},\"query-input\":{\"@type\":\"PropertyValueSpecification\",\"valueRequired\":true,\"valueName\":\"search_term_string\"}}],\"inLanguage\":\"en-US\"}]}<\/script>\n<!-- \/ Yoast SEO plugin. -->","yoast_head_json":{"title":"Support us! - CRTA","robots":{"index":"index","follow":"follow","max-snippet":"max-snippet:-1","max-image-preview":"max-image-preview:large","max-video-preview":"max-video-preview:-1"},"canonical":"https:\/\/crta.rs\/en\/support-us\/","og_locale":"en_US","og_type":"article","og_title":"Support us! - CRTA","og_description":"Support us There are several ways you can support our work and become part of our &#8220;extended family&#8221;. We are immensely grateful for any kind of support. I want to donate Everything we do, we do to protect the rights and interests of citizens. We want a state and laws that treat us all equally...","og_url":"https:\/\/crta.rs\/en\/support-us\/","og_site_name":"CRTA","article_publisher":"https:\/\/www.facebook.com\/CRTArs\/","article_modified_time":"2023-05-09T09:37:10+00:00","og_image":[{"url":"https:\/\/crta.rs\/wp-content\/uploads\/2022\/12\/doniraj-ilu.png","type":"","width":"","height":""}],"twitter_card":"summary_large_image","twitter_misc":{"Est. reading time":"2 minutes"},"schema":{"@context":"https:\/\/schema.org","@graph":[{"@type":"WebPage","@id":"https:\/\/crta.rs\/en\/support-us\/","url":"https:\/\/crta.rs\/en\/support-us\/","name":"Support us! - CRTA","isPartOf":{"@id":"https:\/\/crta.rs\/en\/#website"},"primaryImageOfPage":{"@id":"https:\/\/crta.rs\/en\/support-us\/#primaryimage"},"image":{"@id":"https:\/\/crta.rs\/en\/support-us\/#primaryimage"},"thumbnailUrl":"https:\/\/crta.rs\/wp-content\/uploads\/2022\/12\/doniraj-ilu.png","datePublished":"2019-12-19T23:55:48+00:00","dateModified":"2023-05-09T09:37:10+00:00","breadcrumb":{"@id":"https:\/\/crta.rs\/en\/support-us\/#breadcrumb"},"inLanguage":"en-US","potentialAction":[{"@type":"ReadAction","target":["https:\/\/crta.rs\/en\/support-us\/"]}]},{"@type":"ImageObject","inLanguage":"en-US","@id":"https:\/\/crta.rs\/en\/support-us\/#primaryimage","url":"https:\/\/crta.rs\/wp-content\/uploads\/2022\/12\/doniraj-ilu.png","contentUrl":"https:\/\/crta.rs\/wp-content\/uploads\/2022\/12\/doniraj-ilu.png"},{"@type":"BreadcrumbList","@id":"https:\/\/crta.rs\/en\/support-us\/#breadcrumb","itemListElement":[{"@type":"ListItem","position":1,"name":"Home","item":"https:\/\/crta.rs\/en\/"},{"@type":"ListItem","position":2,"name":"Support us!"}]},{"@type":"WebSite","@id":"https:\/\/crta.rs\/en\/#website","url":"https:\/\/crta.rs\/en\/","name":"CRTA","description":"Mi smo grupa aktivista i novinara koja zajedno sa gra\u0111anima uti\u010de na pove\u0107anje odgovornosti institucija i javnih funkcionera kroz pra\u0107enje i kontrolu njihovog rada.","potentialAction":[{"@type":"SearchAction","target":{"@type":"EntryPoint","urlTemplate":"https:\/\/crta.rs\/en\/?s={search_term_string}"},"query-input":{"@type":"PropertyValueSpecification","valueRequired":true,"valueName":"search_term_string"}}],"inLanguage":"en-US"}]}},"_links":{"self":[{"href":"https:\/\/crta.rs\/en\/wp-json\/wp\/v2\/pages\/10048","targetHints":{"allow":["GET"]}}],"collection":[{"href":"https:\/\/crta.rs\/en\/wp-json\/wp\/v2\/pages"}],"about":[{"href":"https:\/\/crta.rs\/en\/wp-json\/wp\/v2\/types\/page"}],"author":[{"embeddable":true,"href":"https:\/\/crta.rs\/en\/wp-json\/wp\/v2\/users\/1"}],"replies":[{"embeddable":true,"href":"https:\/\/crta.rs\/en\/wp-json\/wp\/v2\/comments?post=10048"}],"version-history":[{"count":16,"href":"https:\/\/crta.rs\/en\/wp-json\/wp\/v2\/pages\/10048\/revisions"}],"predecessor-version":[{"id":35862,"href":"https:\/\/crta.rs\/en\/wp-json\/wp\/v2\/pages\/10048\/revisions\/35862"}],"wp:attachment":[{"href":"https:\/\/crta.rs\/en\/wp-json\/wp\/v2\/media?parent=10048"}],"curies":[{"name":"wp","href":"https:\/\/api.w.org\/{rel}","templated":true}]}}